{"id":9484,"date":"2021-05-06T16:15:30","date_gmt":"2021-05-06T14:15:30","guid":{"rendered":"https:\/\/moodboard.trafic-influence.net\/?page_id=9484"},"modified":"2025-06-20T16:50:36","modified_gmt":"2025-06-20T14:50:36","slug":"systeme-de-refraction-assiste","status":"publish","type":"page","link":"https:\/\/www.nidek.fr\/en\/systeme-de-refraction-assiste\/","title":{"rendered":"Syst\u00e8me de r\u00e9fraction assist\u00e9"},"content":{"rendered":"","protected":true},"excerpt":{"rendered":"","protected":true},"author":2,"featured_media":0,"parent":0,"menu_order":0,"comment_status":"closed","ping_status":"closed","template":"elementor_header_footer","meta":{"_acf_changed":false,"footnotes":""},"class_list":["post-9484","page","type-page","status-publish","post-password-required","hentry"],"acf":[],"yoast_head":"<!-- This site is optimized with the Yoast SEO plugin v27.5 - https:\/\/yoast.com\/product\/yoast-seo-wordpress\/ -->\n<title>Syst\u00e8me de r\u00e9fraction assist\u00e9 - NIDEK France<\/title>\n<meta name=\"robots\" content=\"index, follow, max-snippet:-1, max-image-preview:large, max-video-preview:-1\" \/>\n<link rel=\"canonical\" href=\"https:\/\/www.nidek.fr\/en\/systeme-de-refraction-assiste\/\" \/>\n<meta property=\"og:locale\" content=\"en_GB\" \/>\n<meta property=\"og:type\" content=\"article\" \/>\n<meta property=\"og:title\" content=\"Syst\u00e8me de r\u00e9fraction assist\u00e9 - NIDEK France\" \/>\n<meta property=\"og:url\" content=\"https:\/\/www.nidek.fr\/en\/systeme-de-refraction-assiste\/\" \/>\n<meta property=\"og:site_name\" content=\"NIDEK France\" \/>\n<meta property=\"article:modified_time\" content=\"2025-06-20T14:50:36+00:00\" \/>\n<meta name=\"twitter:card\" content=\"summary_large_image\" \/>\n<meta name=\"twitter:label1\" content=\"Estimated reading time\" \/>\n\t<meta name=\"twitter:data1\" content=\"4 minutes\" \/>\n<script type=\"application\/ld+json\" class=\"yoast-schema-graph\">{\"@context\":\"https:\\\/\\\/schema.org\",\"@graph\":[{\"@type\":\"WebPage\",\"@id\":\"https:\\\/\\\/www.nidek.fr\\\/systeme-de-refraction-assiste\\\/\",\"url\":\"https:\\\/\\\/www.nidek.fr\\\/systeme-de-refraction-assiste\\\/\",\"name\":\"Syst\u00e8me de r\u00e9fraction assist\u00e9 - NIDEK France\",\"isPartOf\":{\"@id\":\"https:\\\/\\\/www.nidek.fr\\\/#website\"},\"datePublished\":\"2021-05-06T14:15:30+00:00\",\"dateModified\":\"2025-06-20T14:50:36+00:00\",\"breadcrumb\":{\"@id\":\"https:\\\/\\\/www.nidek.fr\\\/systeme-de-refraction-assiste\\\/#breadcrumb\"},\"inLanguage\":\"en-GB\"},{\"@type\":\"WebSite\",\"@id\":\"https:\\\/\\\/www.nidek.fr\\\/#website\",\"url\":\"https:\\\/\\\/www.nidek.fr\\\/\",\"name\":\"NIDEK France\",\"description\":\"The Art of Eye Care\",\"potentialAction\":[{\"@type\":\"SearchAction\",\"target\":{\"@type\":\"EntryPoint\",\"urlTemplate\":\"https:\\\/\\\/www.nidek.fr\\\/?s={search_term_string}\"},\"query-input\":{\"@type\":\"PropertyValueSpecification\",\"valueRequired\":true,\"valueName\":\"search_term_string\"}}],\"inLanguage\":\"en-GB\"}]}<\/script>\n<!-- \/ Yoast SEO plugin. -->","yoast_head_json":{"title":"Syst\u00e8me de r\u00e9fraction assist\u00e9 - NIDEK France","robots":{"index":"index","follow":"follow","max-snippet":"max-snippet:-1","max-image-preview":"max-image-preview:large","max-video-preview":"max-video-preview:-1"},"canonical":"https:\/\/www.nidek.fr\/en\/systeme-de-refraction-assiste\/","og_locale":"en_GB","og_type":"article","og_title":"Syst\u00e8me de r\u00e9fraction assist\u00e9 - NIDEK France","og_url":"https:\/\/www.nidek.fr\/en\/systeme-de-refraction-assiste\/","og_site_name":"NIDEK France","article_modified_time":"2025-06-20T14:50:36+00:00","twitter_card":"summary_large_image","twitter_misc":{"Estimated reading time":"4 minutes"},"schema":{"@context":"https:\/\/schema.org","@graph":[{"@type":"WebPage","@id":"https:\/\/www.nidek.fr\/systeme-de-refraction-assiste\/","url":"https:\/\/www.nidek.fr\/systeme-de-refraction-assiste\/","name":"Syst\u00e8me de r\u00e9fraction assist\u00e9 - NIDEK France","isPartOf":{"@id":"https:\/\/www.nidek.fr\/#website"},"datePublished":"2021-05-06T14:15:30+00:00","dateModified":"2025-06-20T14:50:36+00:00","breadcrumb":{"@id":"https:\/\/www.nidek.fr\/systeme-de-refraction-assiste\/#breadcrumb"},"inLanguage":"en-GB"},{"@type":"WebSite","@id":"https:\/\/www.nidek.fr\/#website","url":"https:\/\/www.nidek.fr\/","name":"NIDEK France","description":"The Art of Eye Care","potentialAction":[{"@type":"SearchAction","target":{"@type":"EntryPoint","urlTemplate":"https:\/\/www.nidek.fr\/?s={search_term_string}"},"query-input":{"@type":"PropertyValueSpecification","valueRequired":true,"valueName":"search_term_string"}}],"inLanguage":"en-GB"}]}},"_links":{"self":[{"href":"https:\/\/www.nidek.fr\/en\/wp-json\/wp\/v2\/pages\/9484","targetHints":{"allow":["GET"]}}],"collection":[{"href":"https:\/\/www.nidek.fr\/en\/wp-json\/wp\/v2\/pages"}],"about":[{"href":"https:\/\/www.nidek.fr\/en\/wp-json\/wp\/v2\/types\/page"}],"author":[{"embeddable":true,"href":"https:\/\/www.nidek.fr\/en\/wp-json\/wp\/v2\/users\/2"}],"replies":[{"embeddable":true,"href":"https:\/\/www.nidek.fr\/en\/wp-json\/wp\/v2\/comments?post=9484"}],"version-history":[{"count":64,"href":"https:\/\/www.nidek.fr\/en\/wp-json\/wp\/v2\/pages\/9484\/revisions"}],"predecessor-version":[{"id":14736,"href":"https:\/\/www.nidek.fr\/en\/wp-json\/wp\/v2\/pages\/9484\/revisions\/14736"}],"wp:attachment":[{"href":"https:\/\/www.nidek.fr\/en\/wp-json\/wp\/v2\/media?parent=9484"}],"curies":[{"name":"wp","href":"https:\/\/api.w.org\/{rel}","templated":true}]}}